{"id":8,"date":"2022-10-01T18:07:56","date_gmt":"2022-10-01T18:07:56","guid":{"rendered":"https:\/\/antebellum.kobrick.de\/?page_id=8"},"modified":"2022-11-21T21:42:23","modified_gmt":"2022-11-21T21:42:23","slug":"anacreon","status":"publish","type":"page","link":"https:\/\/antebellum.kobrick.de\/de\/anacreon\/","title":{"rendered":"Anacreon"},"content":{"rendered":"<p><span style=\"font-weight: 400;\">\u201eThe Star Spangled Banner\u201c, die Nationalhymne, ist mit Abstand das best\u00e4ndigste Lied aus dem Krieg von 1812, aber es war nicht das einzige.<\/span><\/p>\n<p><span style=\"font-weight: 400;\">Viele Texte f\u00fcr Lieder, die im 18. und fr\u00fchen 19. Jahrhundert geschrieben wurden, basierten auf popul\u00e4ren Melodien. <\/span><\/p>\n<p><span style=\"font-weight: 400;\">\u201eTo Anacreon in Heaven\u201c\u00a0 <\/span><span style=\"font-weight: 400;\">Das Lied wurde wahrscheinlich um 1771 f\u00fcr die Anacreontic Society geschrieben. Es wird jetzt angenommen, dass die Melodie \u201egemeinsam\u201c von Mitgliedern der Gesellschaft unter der Leitung von John Stafford Smith geschrieben wurde. Die Gesellschaft traf sich alle zwei Wochen, um sich zu betrinken, Lieder zu singen und sich ein paar Ausschweifungen zu g\u00f6nnen. Anakreon selbst war ein griechischer Dichter aus der Zeit um 570 v. Chr., der f\u00fcr seine erotische Poesie und seine Trinklieder bekannt war.<\/span><\/p>\n<p>Da es viele Versionen derselben Melodie gibt, habe ich meine eigene Version namens \u201eA world on it knees\u201c geschrieben.<\/p>\n<p><iframe loading=\"lazy\" title=\"YouTube video player\" src=\"https:\/\/www.youtube.com\/embed\/1SVg7ZykpUw\" width=\"560\" height=\"315\" frameborder=\"0\" allowfullscreen=\"allowfullscreen\"><span data-mce-type=\"bookmark\" style=\"display: inline-block; width: 0px; overflow: hidden; line-height: 0;\" class=\"mce_SELRES_start\"><\/span><\/iframe><\/p>\n\n\n<p><\/p>\n\n\n\n<figure class=\"wp-block-image size-full\"><img loading=\"lazy\" decoding=\"async\" width=\"735\" height=\"879\" src=\"https:\/\/antebellum.kobrick.de\/wp-content\/uploads\/2022\/11\/Nicholas_Ralph_Tomlinson-2.jpg\" alt=\"\" class=\"wp-image-239\" srcset=\"https:\/\/antebellum.kobrick.de\/wp-content\/uploads\/2022\/11\/Nicholas_Ralph_Tomlinson-2.jpg 735w, https:\/\/antebellum.kobrick.de\/wp-content\/uploads\/2022\/11\/Nicholas_Ralph_Tomlinson-2-251x300.jpg 251w, https:\/\/antebellum.kobrick.de\/wp-content\/uploads\/2022\/11\/Nicholas_Ralph_Tomlinson-2-10x12.jpg 10w\" sizes=\"auto, (max-width: 735px) 100vw, 735px\" \/><\/figure>\n\n\n\n<p><\/p>\n\n\n\n<p><\/p>\n\n\n\n<pre class=\"wp-block-verse\">\n\"To Anacreon in Heaven\" \nPublished in 1778 (words only) c. 1780 (music)\nComposer(s)\tJohn Stafford Smith,  Lyricist(s) \n\n\nTo Anacreon in Heav'n, Where he sat in full glee, \nA few Sons of Harmony, Sent a petition. \nThat he their Inspirer and Patron would be;\nWhen this answer arrived from the Jolly Old Grecian:\n\"Voice, Fiddle, and Flute, No longer be mute,\nI'll lend you my name.  And inspire you to boot,\n\nAnd besides, I'll instruct you, Like me, to intwine\nThe Myrtle of Venus,  With Bacchus' Vine.\"<\/pre>","protected":false},"excerpt":{"rendered":"<p>&#8220;The Star Spangled Banner,&#8221; the national anthem, is easily the most enduring song from the War of 1812, but it was not the only one. Many lyrics for songs written in the 18th and early 19th centuries were based upon popular melodies. &#8220;To Anacreon in Heaven&#8221;\u00a0 \u2013\u00a0 The song was written for the Anacreontic Society, [&hellip;]<\/p>","protected":false},"author":1,"featured_media":33,"parent":0,"menu_order":1,"comment_status":"closed","ping_status":"closed","template":"","meta":{"footnotes":""},"class_list":["post-8","page","type-page","status-publish","has-post-thumbnail","hentry"],"_links":{"self":[{"href":"https:\/\/antebellum.kobrick.de\/de\/wp-json\/wp\/v2\/pages\/8","targetHints":{"allow":["GET"]}}],"collection":[{"href":"https:\/\/antebellum.kobrick.de\/de\/wp-json\/wp\/v2\/pages"}],"about":[{"href":"https:\/\/antebellum.kobrick.de\/de\/wp-json\/wp\/v2\/types\/page"}],"author":[{"embeddable":true,"href":"https:\/\/antebellum.kobrick.de\/de\/wp-json\/wp\/v2\/users\/1"}],"replies":[{"embeddable":true,"href":"https:\/\/antebellum.kobrick.de\/de\/wp-json\/wp\/v2\/comments?post=8"}],"version-history":[{"count":10,"href":"https:\/\/antebellum.kobrick.de\/de\/wp-json\/wp\/v2\/pages\/8\/revisions"}],"predecessor-version":[{"id":240,"href":"https:\/\/antebellum.kobrick.de\/de\/wp-json\/wp\/v2\/pages\/8\/revisions\/240"}],"wp:featuredmedia":[{"embeddable":true,"href":"https:\/\/antebellum.kobrick.de\/de\/wp-json\/wp\/v2\/media\/33"}],"wp:attachment":[{"href":"https:\/\/antebellum.kobrick.de\/de\/wp-json\/wp\/v2\/media?parent=8"}],"curies":[{"name":"wp","href":"https:\/\/api.w.org\/{rel}","templated":true}]}}