{"id":6,"date":"2022-10-01T18:06:58","date_gmt":"2022-10-01T18:06:58","guid":{"rendered":"https:\/\/antebellum.kobrick.de\/?page_id=6"},"modified":"2022-10-27T19:06:47","modified_gmt":"2022-10-27T19:06:47","slug":"home","status":"publish","type":"page","link":"https:\/\/antebellum.kobrick.de\/de\/","title":{"rendered":"Home"},"content":{"rendered":"<p><span style=\"font-weight: 400;\">\u201eAntebellum\u201c bedeutet \u201evor dem Krieg\u201c, verbunden mit dem US-B\u00fcrgerkrieg (1861-1865) bis nach dem Ende dieses Konflikts.<\/span><\/p>\n<p><span style=\"font-weight: 400;\">\u201eMusik aus der Vergangenheit ist ein Tor, um die Vergangenheit zu verstehen und zu f\u00fchlen. Eine musikalische Kommunion von Menschen aus der Vergangenheit zu Menschen in der Gegenwart.\u201c \u2026 Tolstoi.\u00a0<\/span><\/p>\n<p><span style=\"font-weight: 400;\">\u201eSeit ich in den Norden gekommen bin, war ich oft v\u00f6llig erstaunt, Menschen zu finden, die vom Singen unter Sklaven als Beweis ihrer Zufriedenheit und ihres Gl\u00fccks sprechen konnten. Einen gr\u00f6\u00dferen Irrtum kann man sich nicht vorstellen. Sklaven singen am meisten, wenn sie am ungl\u00fccklichsten sind. Die Lieder des Sklaven repr\u00e4sentieren die Sorgen seines Herzens; und er wird durch sie erleichtert, nur wie ein schmerzendes Herz durch seine Tr\u00e4nen erleichtert wird.\u201c \u2026 <\/span><a href=\"https:\/\/blogs.loc.gov\/folklife\/2018\/02\/frederick-douglass-free-folklorist\/#:~:text=It%20is%20impossible%20to%20conceive,is%20relieved%20by%20its%20tears.\" target=\"_blank\" rel=\"noopener\"><span style=\"font-weight: 400;\">Frederick Douglass<\/span><\/a><\/p>\n<p><span style=\"font-weight: 400;\">Afrikanische Musiktraditionen wie Call and Response und eine Note \"blue\" zu machen im Kern \u2013 das ist die DNA der amerikanischen Musik.<\/span><\/p>\n<p><span style=\"font-weight: 400;\">Es brauchte 400 Jahre Middle Passage (Atlantischer Sklavenhandel), Arbeitslieder, Feldgeheul, Schreie, Ges\u00e4nge, Arhoolies, Spirituals, Blutvergie\u00dfen und Trauer, um Bluesmusik zu erschaffen.<\/span><\/p>\n<p><span style=\"font-weight: 400;\">\u201eDie Geschichte wiederholt sich zuerst als Trag\u00f6die, dann als Farce\u201c, wie Karl Marx zuerst sagte, ist heute verst\u00e4ndlicher denn je. Besonders sichtbar in den sogenannten amerikanischen \u201eKulturkriegen\u201c von heute \u00fcber Rassismus.<\/span><a href=\"https:\/\/youtu.be\/svj_6w0EUz4\" target=\"_blank\" rel=\"noopener\"><span style=\"font-weight: 400;\">Critical race theory<\/span><\/a><span style=\"font-weight: 400;\">Was bedeutet eigentlich \u201eCritical Race Theory\u201c und warum sind die Amerikaner so in Aufregung dar\u00fcber ?<\/span><\/p>\n<p><b>Jede Form von Geschichte, die unterdr\u00fcckt oder verdr\u00e4ngt oder ausgel\u00f6scht wird, wird wieder heimgesucht.<\/b><span style=\"font-weight: 400;\">Diese schmerzhafte und aufgeladene Geschichte muss anerkannt und diskutiert werden.<\/span><\/p>\n<p><span style=\"font-weight: 400;\">Wir leben in einer Gesellschaft jenseits unserer Wahl mit einer Vergangenheit, die wir nicht \u00e4ndern k\u00f6nnen. George Orwell, \"Wer die Vergangenheit kontrolliert, kontrolliert die Zukunft; wer die Gegenwart kontrolliert, kontrolliert die Vergangenheit.\" Die Vergangenheit l\u00e4sst sich nicht kontrollieren. Es ist, was es war.\u00a0<\/span><\/p>","protected":false},"excerpt":{"rendered":"<p>&#8220;Antebellum&#8221; means &#8220;before the war,&#8221; associated with the time before the U.S. Civil War (1861-1865) until after that conflict was over. &#8220;Music from the past is a gateway to understanding and feeling the past.\u00a0 A Communion among music from people from the past to people in the present.&#8221;\u00a0 \u2026 Tolstoy.\u00a0 \u201cI have often been utterly [&hellip;]<\/p>","protected":false},"author":1,"featured_media":232,"parent":0,"menu_order":0,"comment_status":"closed","ping_status":"closed","template":"","meta":{"footnotes":""},"class_list":["post-6","page","type-page","status-publish","has-post-thumbnail","hentry"],"_links":{"self":[{"href":"https:\/\/antebellum.kobrick.de\/de\/wp-json\/wp\/v2\/pages\/6","targetHints":{"allow":["GET"]}}],"collection":[{"href":"https:\/\/antebellum.kobrick.de\/de\/wp-json\/wp\/v2\/pages"}],"about":[{"href":"https:\/\/antebellum.kobrick.de\/de\/wp-json\/wp\/v2\/types\/page"}],"author":[{"embeddable":true,"href":"https:\/\/antebellum.kobrick.de\/de\/wp-json\/wp\/v2\/users\/1"}],"replies":[{"embeddable":true,"href":"https:\/\/antebellum.kobrick.de\/de\/wp-json\/wp\/v2\/comments?post=6"}],"version-history":[{"count":14,"href":"https:\/\/antebellum.kobrick.de\/de\/wp-json\/wp\/v2\/pages\/6\/revisions"}],"predecessor-version":[{"id":231,"href":"https:\/\/antebellum.kobrick.de\/de\/wp-json\/wp\/v2\/pages\/6\/revisions\/231"}],"wp:featuredmedia":[{"embeddable":true,"href":"https:\/\/antebellum.kobrick.de\/de\/wp-json\/wp\/v2\/media\/232"}],"wp:attachment":[{"href":"https:\/\/antebellum.kobrick.de\/de\/wp-json\/wp\/v2\/media?parent=6"}],"curies":[{"name":"wp","href":"https:\/\/api.w.org\/{rel}","templated":true}]}}