{"id":28,"date":"2022-10-01T18:18:57","date_gmt":"2022-10-01T18:18:57","guid":{"rendered":"https:\/\/antebellum.kobrick.de\/?page_id=28"},"modified":"2022-10-24T22:55:52","modified_gmt":"2022-10-24T22:55:52","slug":"fountain-of-darkness","status":"publish","type":"page","link":"https:\/\/antebellum.kobrick.de\/de\/fountain-of-darkness\/","title":{"rendered":"Fountain of Darkness"},"content":{"rendered":"<p><span style=\"font-weight: 400;\">Der Brunnen der Dunkelheit Cantile \u2013&nbsp; <\/span><span style=\"font-weight: 400;\">\u201cThe night is the darkest before the dawn\u201d is an original song to summarizes the entire of the &#8220;Antebellum.&#8221;&nbsp; My feeling, my impression looks &nbsp;for inspiration &nbsp;to the song &#8220;<a href=\"https:\/\/en.wikipedia.org\/wiki\/Amazing_Grace\" target=\"_blank\" rel=\"noopener\">Erstaunliche Anmut,<\/a>\u201c aus der Feder eines ehemaligen Sklavenh\u00e4ndlers und Abolitionisten, <a href=\"https:\/\/en.wikipedia.org\/wiki\/John_Newton\" target=\"_blank\" rel=\"noopener\">John Henry Newton, Jr<\/a>. und um Frieden<\/span><span style=\"font-weight: 400;\">in der Dunkelheit zu finden.&nbsp;<\/span><\/p>\n<p><span style=\"font-weight: 400;\">Expressing the need to fight for freedom;&nbsp; nobody should ever have to be a slave.&nbsp; Amid the darkness, there can be hope, light amidst the despair because someone once spoke out for freedom rights, a new renaissance resulted.<\/span><\/p>\n<p><span style=\"font-weight: 400;\">Immer wieder steigende Fluten wei\u00dfer Vorherrschaft f\u00fchren zu Gewalt, Zerst\u00f6rung und weniger Demokratie.<\/span><\/p>\n<p><span style=\"font-weight: 400;\">Im Laufe der Zeit zahlten ihre Herausforderungen Dividenden und Samen f\u00fcr B\u00fcrgerrechtsbewegungen und Amazing Grace aus.<\/span><\/p>\n<p><iframe loading=\"lazy\" title=\"YouTube video player\" src=\"https:\/\/www.youtube.com\/embed\/RGLT56oFe9E\" width=\"560\" height=\"315\" frameborder=\"0\" allowfullscreen=\"allowfullscreen\"><\/iframe><\/p>\n<p>Live at the fountain:<\/p>\n\n\n<figure class=\"wp-block-embed is-type-video is-provider-youtube wp-block-embed-youtube wp-embed-aspect-16-9 wp-has-aspect-ratio\"><div class=\"wp-block-embed__wrapper\">\n<iframe loading=\"lazy\" title=\"Fountain of Darkness Cantile - live 4\" width=\"500\" height=\"281\" src=\"https:\/\/www.youtube.com\/embed\/8woATLx9kvM?feature=oembed\" frameborder=\"0\" allow=\"accelerometer; autoplay; clipboard-write; encrypted-media; gyroscope; picture-in-picture; web-share\" referrerpolicy=\"strict-origin-when-cross-origin\" allowfullscreen><\/iframe>\n<\/div><figcaption>Live at the Fountain<\/figcaption><\/figure>\n\n\n\n<p><a rel=\"noreferrer noopener\" href=\"https:\/\/www.youtube.com\/watch?v=1SVg7ZykpUw&amp;list=PLhiQlWI7GeO8iV76rfrWTmInmzelAlFJR\" target=\"_blank\">Antebellum Playlist YouTube<\/a><\/p>","protected":false},"excerpt":{"rendered":"<p>The Fountain of Darkness Cantile \u2013&nbsp; \u201cThe night is the darkest before the dawn\u201d is an original song to summarizes the entire of the &#8220;Antebellum.&#8221;&nbsp; My feeling, my impression looks &nbsp;for inspiration &nbsp;to the song &#8220;Amazing Grace,&#8221; penned by a former slave trader and abolitionist, John Henry Newton, Jr. and to find Peace in Darkness.&nbsp; [&hellip;]<\/p>","protected":false},"author":1,"featured_media":62,"parent":0,"menu_order":10,"comment_status":"closed","ping_status":"closed","template":"","meta":{"footnotes":""},"class_list":["post-28","page","type-page","status-publish","has-post-thumbnail","hentry"],"_links":{"self":[{"href":"https:\/\/antebellum.kobrick.de\/de\/wp-json\/wp\/v2\/pages\/28","targetHints":{"allow":["GET"]}}],"collection":[{"href":"https:\/\/antebellum.kobrick.de\/de\/wp-json\/wp\/v2\/pages"}],"about":[{"href":"https:\/\/antebellum.kobrick.de\/de\/wp-json\/wp\/v2\/types\/page"}],"author":[{"embeddable":true,"href":"https:\/\/antebellum.kobrick.de\/de\/wp-json\/wp\/v2\/users\/1"}],"replies":[{"embeddable":true,"href":"https:\/\/antebellum.kobrick.de\/de\/wp-json\/wp\/v2\/comments?post=28"}],"version-history":[{"count":20,"href":"https:\/\/antebellum.kobrick.de\/de\/wp-json\/wp\/v2\/pages\/28\/revisions"}],"predecessor-version":[{"id":222,"href":"https:\/\/antebellum.kobrick.de\/de\/wp-json\/wp\/v2\/pages\/28\/revisions\/222"}],"wp:featuredmedia":[{"embeddable":true,"href":"https:\/\/antebellum.kobrick.de\/de\/wp-json\/wp\/v2\/media\/62"}],"wp:attachment":[{"href":"https:\/\/antebellum.kobrick.de\/de\/wp-json\/wp\/v2\/media?parent=28"}],"curies":[{"name":"wp","href":"https:\/\/api.w.org\/{rel}","templated":true}]}}