{"id":21,"date":"2022-10-01T18:15:38","date_gmt":"2022-10-01T18:15:38","guid":{"rendered":"https:\/\/antebellum.kobrick.de\/?page_id=21"},"modified":"2023-05-11T22:25:59","modified_gmt":"2023-05-11T22:25:59","slug":"john-henry","status":"publish","type":"page","link":"https:\/\/antebellum.kobrick.de\/de\/john-henry\/","title":{"rendered":"John Henry"},"content":{"rendered":"<p><b>John Henry<\/b><span style=\"font-weight: 400;\"> ist ein amerikanischer <\/span><a href=\"https:\/\/en.wikipedia.org\/wiki\/Folk_hero\" target=\"_blank\" rel=\"noopener\"><span style=\"font-weight: 400;\">Volksheld<\/span><\/a><span style=\"font-weight: 400;\">, erster Held der afroamerikanischen Folklore. Nicht immer als dargestellt <\/span><a href=\"https:\/\/en.wikipedia.org\/wiki\/African_Americans\" target=\"_blank\" rel=\"noopener\"><span style=\"font-weight: 400;\">der afroamerikanischen<\/span><\/a><span style=\"font-weight: 400;\">Folklore. Er wird nicht immer als Afroamerikaner dargestellt, soll aber als \u201eStahlfahrer\u201c gearbeitet haben \u2013 ein Mann, der die Aufgabe hatte, einen Stahlbohrer in Felsen zu h\u00e4mmern, um L\u00f6cher f\u00fcr Sprengstoff zu bohren, um den Felsen beim Bau eines Eisenbahntunnels zu sprengen.<\/span><\/p>\n<p><span style=\"font-weight: 400;\">Der Legende nach wurde John Henrys K\u00f6nnen als Stahlfahrer in einem Rennen gegen a gemessen <\/span><a href=\"https:\/\/en.wikipedia.org\/wiki\/Jackhammer#History\" target=\"_blank\" rel=\"noopener\"><span style=\"font-weight: 400;\">steam-powered rock drilling machine<\/span><\/a><span style=\"font-weight: 400;\">, ein Rennen, das er gewann, nur um im Sieg mit dem Hammer in der Hand zu sterben, weil sein Herz vor Stress versagt hatte. Als Austragungsort wurden verschiedene Orte vorgeschlagen, darunter der Big Bend Tunnel in West Virginia, der Lewis Tunnel in Virginia und der Coosa Mountain Tunnel in Alabama.\u00a0<\/span><\/p>\n<p><span style=\"font-weight: 400;\">Das M\u00e4rchen feiert den Sieg eines Mannes gegen scheinbar un\u00fcberwindliche Chancen. Aber es enth\u00e4lt eine andere, h\u00e4rtere Wahrheit: Seine Entschlossenheit und St\u00e4rke haben ihn auch get\u00f6tet. Der John Henry der zeitgen\u00f6ssischen Gesellschaftstheorie ist <\/span><b>ein Mann, der danach strebt, in einer ungleichen Gesellschaft voranzukommen<\/b><span style=\"font-weight: 400;\">.<\/span><\/p>\n<p><span style=\"font-weight: 400;\">Volkskundler hielten John Henry lange f\u00fcr einen Mythos, aber der Historiker Scott Nelson hat entdeckt, dass er eine reale Person war \u2013<\/span><b>ein Neunzehnj\u00e4hriger aus New Jersey, der 1866 von einem Gericht in Virginia wegen Diebstahls verurteilt, zu zehn Jahren Zuchthaus verurteilt und beim Bau der C&amp;O Railroad eingesetzt wurde<\/b><span style=\"font-weight: 400;\">.<\/span><\/p>\n<p><span style=\"font-weight: 400;\">\u00a0<\/span><b>Er symbolisierte die vielen Afroamerikaner, deren Schwei\u00df und harte Arbeit die Schienen in ganz West Virginia bauten und instand hielten<\/b><span style=\"font-weight: 400;\">. Er war ein Symbol f\u00fcr die schwarzen Arbeiter, die in diesen gef\u00e4hrlichen Berufen ihr Leben lie\u00dfen.<\/span><\/p>\n<p><span style=\"font-weight: 400;\">Die Geschichte von <\/span><a href=\"https:\/\/books.google.de\/books?id=2M1CDwAAQBAJ&amp;pg=PT174&amp;lpg=PT174&amp;dq=Lewis+Tunnel+in+Virginia,+and+Coosa+Mountain+Tunnel+in+Alabama,+have+been+suggested+as+the+site+of+the+contest.&amp;source=bl&amp;ots=7yiVuFWoC4&amp;sig=ACfU3U0LN2zS7bULbqYuSqU1QX9R6K_ENA&amp;hl=de&amp;sa=X&amp;ved=2ahUKEwjU57KQybT5AhWshv0HHb1WCG0Q6AF6BAgwEAI#v=onepage&amp;q=Lewis%20Tunnel%20in%20Virginia%2C%20and%20Coosa%20Mountain%20Tunnel%20in%20Alabama%2C%20have%20been%20suggested%20as%20the%20site%20of%20the%20contest.&amp;f=false\" target=\"_blank\" rel=\"noopener\"><span style=\"font-weight: 400;\">John Henry<\/span><\/a><span style=\"font-weight: 400;\"> wird in einem klassischen Blues-Folk-Song erz\u00e4hlt, der in vielen Versionen existiert und Gegenstand zahlreicher Geschichten, Theaterst\u00fccke, B\u00fccher und Romane war<\/span><\/p>\n<p><iframe loading=\"lazy\" title=\"YouTube video player\" src=\"https:\/\/www.youtube.com\/embed\/VXXAXmu2fbY\" width=\"560\" height=\"315\" frameborder=\"0\" allowfullscreen=\"allowfullscreen\"><\/iframe><\/p>\n<p>Live:<\/p>\n<p><iframe loading=\"lazy\" title=\"YouTube video player\" src=\"https:\/\/www.youtube.com\/embed\/vs5sXvFRsaw\" width=\"560\" height=\"315\" frameborder=\"0\" allowfullscreen=\"allowfullscreen\"><\/iframe><\/p>\n\n\n<pre class=\"wp-block-verse\">1. When John Henry was a little baby boy, sitting on his mammy's knee.  \r\nWell, he picked up a hammer and little piece of steel \r\nSaid Hammer's gonna be the death of me, Lordy, day hey\r\nHammer's gonna be the death of me \r\n\r\n2. Well, the captain said to John Henry. I'm gonna bring my steam drill around. I'm gonna bring that steam drill out on the job. It\u2019s gonna whop that steel on down lordy dei. Gonna whop that steel on down.  \r\n\r\n3. John Henry told his captain. \u201cThat a man ain't nothing but a man.\u201d \r\nBut before I'd let your steam drill beat me down. I'll die with a hammer in my hand .  Yes I will; I'll die with a hammer in my hand \r\n\r\n4. Now, John Henry said to his shaker. \u201cShaker, why don't you sing?\u201d\r\nCause I'm swinging thirty pounds from my hips on down \r\nJust listen to that cold steel ring. Lordy, day hey.   \r\nJust listen to that cold steel ring   ( hold on  \u2013 Modulation \u2013) \r\n\r\n5. Now the captain said to John Henry:\u201cI believe that mountain's caving in.\u201d \r\nJohn Henry said right back to the captain. \r\nThat ain't nothing but my hammer sucking wind Yeah Yeah. That \r\nAin't nothing but my hammer sucking wind. \r\n\r\n6. Now,  the man that invented the steam drill. \r\nWell, he thought he was mighty fine, \r\nbut John Henry drove his steel fifteen feet \r\nThe steam drill drove only nine.  Yes it did. \r\nThe steam drill drove only nine.  \r\n\r\n7. Now, John Henry was hammerin\u2019 in the mountains \r\nThere was lightning in his eyes.\r\nBut, he drove so hard, that it broke his heart \r\nSo, he laid down his hammer and he died.  Yes he did. \r\nHe laid down his hammer and he died \r\n\r\n8. So every Monday morning, when the bluebirds start to sing \r\nYou can hear John Henry about a mile or more \r\nJust listen to that cold steel ring. Lordy, day hey. \r\nJust listen to that cold steel ring. \r\n<\/pre>","protected":false},"excerpt":{"rendered":"<p>John Henry is an American folk hero, first hero of African-American\u00a0 folklore . Not always depicted as an African American, he is said to have worked as a &#8220;steel-driving man&#8221;\u2014a man tasked with hammering a steel drill into rock to make holes for explosives to blast the rock in constructing a railroad tunnel. According to [&hellip;]<\/p>","protected":false},"author":1,"featured_media":91,"parent":0,"menu_order":7,"comment_status":"closed","ping_status":"closed","template":"","meta":{"footnotes":""},"class_list":["post-21","page","type-page","status-publish","has-post-thumbnail","hentry"],"_links":{"self":[{"href":"https:\/\/antebellum.kobrick.de\/de\/wp-json\/wp\/v2\/pages\/21","targetHints":{"allow":["GET"]}}],"collection":[{"href":"https:\/\/antebellum.kobrick.de\/de\/wp-json\/wp\/v2\/pages"}],"about":[{"href":"https:\/\/antebellum.kobrick.de\/de\/wp-json\/wp\/v2\/types\/page"}],"author":[{"embeddable":true,"href":"https:\/\/antebellum.kobrick.de\/de\/wp-json\/wp\/v2\/users\/1"}],"replies":[{"embeddable":true,"href":"https:\/\/antebellum.kobrick.de\/de\/wp-json\/wp\/v2\/comments?post=21"}],"version-history":[{"count":8,"href":"https:\/\/antebellum.kobrick.de\/de\/wp-json\/wp\/v2\/pages\/21\/revisions"}],"predecessor-version":[{"id":250,"href":"https:\/\/antebellum.kobrick.de\/de\/wp-json\/wp\/v2\/pages\/21\/revisions\/250"}],"wp:featuredmedia":[{"embeddable":true,"href":"https:\/\/antebellum.kobrick.de\/de\/wp-json\/wp\/v2\/media\/91"}],"wp:attachment":[{"href":"https:\/\/antebellum.kobrick.de\/de\/wp-json\/wp\/v2\/media?parent=21"}],"curies":[{"name":"wp","href":"https:\/\/api.w.org\/{rel}","templated":true}]}}