{"id":15,"date":"2022-10-01T18:12:34","date_gmt":"2022-10-01T18:12:34","guid":{"rendered":"https:\/\/antebellum.kobrick.de\/?page_id=15"},"modified":"2023-05-11T22:15:15","modified_gmt":"2023-05-11T22:15:15","slug":"hambone","status":"publish","type":"page","link":"https:\/\/antebellum.kobrick.de\/de\/hambone\/","title":{"rendered":"Hambone"},"content":{"rendered":"<p><span style=\"font-weight: 400;\">Hambone ist ein Juba-Tanz, ein Tanzstil, bei dem die Arme, Beine, Brust und Wangen sowohl getreten als auch geschlagen und get\u00e4tschelt werden. <\/span><\/p>\n<p><span style=\"font-weight: 400;\">Bereits 1739 wurden in den britischen Kolonien Trommeln gesetzlich verboten und als Waffen charakterisiert, um Sklaven daran zu hindern, eine Gemeinschaft aufzubauen und zu Rebellionen aufzustacheln.<\/span><\/p>\n<p><a href=\"https:\/\/en.wikipedia.org\/wiki\/Master_Juba\" target=\"_blank\" rel=\"noopener\"><span style=\"font-weight: 400;\">Meister Juba<\/span><\/a><span style=\"font-weight: 400;\"> war eindeutig ein bemerkenswerter T\u00e4nzer, es ist unm\u00f6glich, genaue Kenntnisse \u00fcber seinen Stil und seine Technik oder \u00fcber das Ausma\u00df, in dem er sich von seinen weitgehend vergessenen schwarzen Zeitgenossen unterschied, zu erlangen. Den Quellen fehlen pr\u00e4zise Vergleichspunkte. Die detaillierteren Berichte stammen von britischen Kritikern, f\u00fcr die Juba eher ein Novum gewesen sein muss als f\u00fcr Amerikaner. Diese Schriftsteller richteten sich an ein wei\u00dfes, britisches Publikum aus der Mittelschicht. Andere Beschreibungen stammen aus Werbematerial und k\u00f6nnen daher nicht als objektiv angesehen werden. Juba wurde als \"Jig Dancer\" zu einer Zeit beschrieben, als das Wort noch irischen Volkstanz bedeutete, sich aber gerade ver\u00e4nderte, um schwarzen Tanz zu umfassen. Der irische Jig war zu dieser Zeit \u00fcblich.&nbsp;&nbsp;<\/span><\/p>\n<p>Einige behaupten, dies sei der Ursprung des Stepptanzes gewesen.<br>\n<iframe loading=\"lazy\" title=\"YouTube video player\" src=\"https:\/\/www.youtube.com\/embed\/Hi7K5lOQ__U\" width=\"560\" height=\"315\" frameborder=\"0\" allowfullscreen=\"allowfullscreen\"><\/iframe><\/p>\n\n\n<pre class=\"wp-block-verse\">Hambone Hambone where you been?  \r\nRound the world and back again.\r\n\r\nHambone, hambone, have you heard\r\nMomma's gonna buy you a mockingbird\r\nand if that mockingbird don't shine\r\nMomma's gonna buy you a bottle of wine\r\nand if that bottle of wine gets broke\r\nmomma's gonna buy you a nanny goat\r\nand if that nanny goat runs away\r\nmomma's gonna slap your boom-te-yea\r\n(Ref.)\r\n \r\nHambone, hambone. Where's your wife\r\nIn the kitchen, cooking rice\r\nI just skinned an alley cat\r\nTo make my wife a Sunday hat\r\nTook the hide right off a goat\r\nTo make my wife a Sunday coat. \r\n(Ref.)\r\n\r\n<\/pre>","protected":false},"excerpt":{"rendered":"<p>Hambone is a Juba dance, a style of dance that involves stomping as well as slapping and patting the arms, legs, chest, and cheeks. As early as 1739 in the British colonies, drums were prohibited by law and characterized as weapons in an attempt to prevent slaves from building community and inciting rebellion. Master Juba [&hellip;]<\/p>","protected":false},"author":1,"featured_media":46,"parent":0,"menu_order":4,"comment_status":"closed","ping_status":"closed","template":"","meta":{"footnotes":""},"class_list":["post-15","page","type-page","status-publish","has-post-thumbnail","hentry"],"_links":{"self":[{"href":"https:\/\/antebellum.kobrick.de\/de\/wp-json\/wp\/v2\/pages\/15","targetHints":{"allow":["GET"]}}],"collection":[{"href":"https:\/\/antebellum.kobrick.de\/de\/wp-json\/wp\/v2\/pages"}],"about":[{"href":"https:\/\/antebellum.kobrick.de\/de\/wp-json\/wp\/v2\/types\/page"}],"author":[{"embeddable":true,"href":"https:\/\/antebellum.kobrick.de\/de\/wp-json\/wp\/v2\/users\/1"}],"replies":[{"embeddable":true,"href":"https:\/\/antebellum.kobrick.de\/de\/wp-json\/wp\/v2\/comments?post=15"}],"version-history":[{"count":8,"href":"https:\/\/antebellum.kobrick.de\/de\/wp-json\/wp\/v2\/pages\/15\/revisions"}],"predecessor-version":[{"id":245,"href":"https:\/\/antebellum.kobrick.de\/de\/wp-json\/wp\/v2\/pages\/15\/revisions\/245"}],"wp:featuredmedia":[{"embeddable":true,"href":"https:\/\/antebellum.kobrick.de\/de\/wp-json\/wp\/v2\/media\/46"}],"wp:attachment":[{"href":"https:\/\/antebellum.kobrick.de\/de\/wp-json\/wp\/v2\/media?parent=15"}],"curies":[{"name":"wp","href":"https:\/\/api.w.org\/{rel}","templated":true}]}}