{"id":12,"date":"2022-10-01T18:10:59","date_gmt":"2022-10-01T18:10:59","guid":{"rendered":"https:\/\/antebellum.kobrick.de\/?page_id=12"},"modified":"2023-05-11T22:12:09","modified_gmt":"2023-05-11T22:12:09","slug":"shortnin-bread","status":"publish","type":"page","link":"https:\/\/antebellum.kobrick.de\/de\/shortnin-bread\/","title":{"rendered":"Shortnin Bread"},"content":{"rendered":"<p><span style=\"font-weight: 400;\">\u201cShort\u2019nin\u2019 Bread\u201d is a song from the Minstrel Show tradition.&nbsp; It\u2019s considered racist because of the words.&nbsp;<\/span><\/p>\n<p><span style=\"font-weight: 400;\">Um es klar zu sagen, die Geschichte des Songs schwingt wild von nicht rassistisch zu rassistisch und wieder zur\u00fcck. Es begann als Volkslied, das von Sklaven im S\u00fcden gesungen wurde, und ist in dieser Hinsicht keineswegs rassistisch.&nbsp; &nbsp; <\/span><span style=\"font-weight: 400;\">Was andererseits rassistisch ist, ist, wenn mehrere wei\u00dfe Musiker sich sp\u00e4ter mit schwarzen Gesichtern verkleideten und mehrere sehr, sehr rassistische Lieder mit gezwickten Texten auff\u00fchrten.<\/span><\/p>\n<p><span style=\"font-weight: 400;\">&#8220;Shortnin&#8217; Bread&#8221; is a plantation song.&nbsp; Its first written version was captured by poet James Whitcomb Riley in 1900.&nbsp; Like <\/span><span style=\"font-weight: 400;\">die <\/span><b>Br\u00fcder Grimm<\/b><span style=\"font-weight: 400;\"> (<\/span><i><span style=\"font-weight: 400;\">die Br\u00fcder Grimm<\/span><\/i><span style=\"font-weight: 400;\"> oder <\/span><i><span style=\"font-weight: 400;\">die Gebr\u00fcder Grimm<\/span><\/i><span style=\"font-weight: 400;\">), <\/span><a href=\"https:\/\/en.wikipedia.org\/wiki\/Jacob_Grimm\" target=\"_blank\" rel=\"noopener\"><span style=\"font-weight: 400;\">Jacob<\/span><\/a><span style=\"font-weight: 400;\"> (1785\u20131863) und <\/span><a href=\"https:\/\/en.wikipedia.org\/wiki\/Wilhelm_Grimm\" target=\"_blank\" rel=\"noopener\"><span style=\"font-weight: 400;\">Wilhelm<\/span><\/a><span style=\"font-weight: 400;\"> (1786\u20131859), waren deutsche <\/span><span style=\"font-weight: 400;\">Gelehrte, <\/span><a href=\"https:\/\/en.wikipedia.org\/wiki\/Philology\" target=\"_blank\" rel=\"noopener\"><span style=\"font-weight: 400;\">Philologen<\/span><\/a><span style=\"font-weight: 400;\">, Kulturforscher, Lexikographen und Autoren, die gemeinsam Volkskunde sammelten und ver\u00f6ffentlichten. <\/span><a href=\"https:\/\/en.wikipedia.org\/wiki\/Folklore\" target=\"_blank\" rel=\"noopener\"><span style=\"font-weight: 400;\">Volkskunde<\/span><\/a><span style=\"font-weight: 400;\">.&nbsp;<\/span><\/p>\n<p><span style=\"font-weight: 400;\">Lieder wie \u201eShortnen Bread\u201c und \u201ePick a Bale of Cotton\u201c sind traditionelle amerikanische Folk-Feldlieder, die h\u00f6chstwahrscheinlich von Sklaven gesungen werden, deren wahre Urspr\u00fcnge verloren gegangen sind. Die bekannteste Version dieses St\u00fccks wurde von Leuten wie Huddle William Ledbetter, besser bekannt als \u201eLead Belly\u201c, aufgenommen und aufgef\u00fchrt, um ihre Geschichten am Leben zu erhalten und sich auf seine eigenen Erfahrungen beim Baumwollpfl\u00fccken zu beziehen.<\/span><\/p>\n<p><iframe loading=\"lazy\" title=\"YouTube video player\" src=\"https:\/\/www.youtube.com\/embed\/0oeX3Rpz6PI\" width=\"560\" height=\"315\" frameborder=\"0\" allowfullscreen=\"allowfullscreen\"><\/iframe><\/p>\n\n\n<pre class=\"wp-block-verse\">|: Mammy's little baby loves short'nin', short'nin'\r\nMammy's little baby loves short'nin' bread :|\r\n\r\nFetch that dough, from the kitchen shed.  \r\nRake those coals out, hot and red\r\nPut on the oven and put on the lid.  \r\nMommy's going to cook some short'nin' bread. Ref.\r\n\r\nThree little children, lying in bed.  \r\nTwo was sick and the other 'most dead\r\nSend for the doctor and the doctor said. \r\n\"feed them children on short'nin' bread.\"  Ref.\r\n\r\nWhen those children, sick in bed, \r\nheard that talk 'bout short'nin' bread.\r\nThey popped up well, to dance and sing, \r\nskipping around cutting the pigeon wing. Ref.\r\n\r\nPull out the skillet, pull out the lid,\r\nMama's gonna make a little short'nin' bread\r\nThat ain't all she's gonna do, \r\nMama's gonna make a little coffee too  Ref. \r\n<\/pre>","protected":false},"excerpt":{"rendered":"<p>\u201cShort\u2019nin\u2019 Bread\u201d is a song from the Minstrel Show tradition.&nbsp; It\u2019s considered racist because of the words.&nbsp; To be clear the history of the song swings wildly from not racist to racist and back again. It started as a folk song sung by slaves in the south and in that regard it is in no [&hellip;]<\/p>","protected":false},"author":1,"featured_media":43,"parent":0,"menu_order":3,"comment_status":"closed","ping_status":"closed","template":"","meta":{"footnotes":""},"class_list":["post-12","page","type-page","status-publish","has-post-thumbnail","hentry"],"_links":{"self":[{"href":"https:\/\/antebellum.kobrick.de\/de\/wp-json\/wp\/v2\/pages\/12","targetHints":{"allow":["GET"]}}],"collection":[{"href":"https:\/\/antebellum.kobrick.de\/de\/wp-json\/wp\/v2\/pages"}],"about":[{"href":"https:\/\/antebellum.kobrick.de\/de\/wp-json\/wp\/v2\/types\/page"}],"author":[{"embeddable":true,"href":"https:\/\/antebellum.kobrick.de\/de\/wp-json\/wp\/v2\/users\/1"}],"replies":[{"embeddable":true,"href":"https:\/\/antebellum.kobrick.de\/de\/wp-json\/wp\/v2\/comments?post=12"}],"version-history":[{"count":8,"href":"https:\/\/antebellum.kobrick.de\/de\/wp-json\/wp\/v2\/pages\/12\/revisions"}],"predecessor-version":[{"id":244,"href":"https:\/\/antebellum.kobrick.de\/de\/wp-json\/wp\/v2\/pages\/12\/revisions\/244"}],"wp:featuredmedia":[{"embeddable":true,"href":"https:\/\/antebellum.kobrick.de\/de\/wp-json\/wp\/v2\/media\/43"}],"wp:attachment":[{"href":"https:\/\/antebellum.kobrick.de\/de\/wp-json\/wp\/v2\/media?parent=12"}],"curies":[{"name":"wp","href":"https:\/\/api.w.org\/{rel}","templated":true}]}}